{"id":2085,"date":"2024-11-27T10:31:11","date_gmt":"2024-11-27T09:31:11","guid":{"rendered":"https:\/\/mybooksgd.com\/?page_id=2085"},"modified":"2024-12-16T18:00:34","modified_gmt":"2024-12-16T17:00:34","slug":"entrevistas","status":"publish","type":"page","link":"https:\/\/mybooksgd.com\/ca\/entrevistas\/","title":{"rendered":"Entrevistas"},"content":{"rendered":"\t\t<div data-elementor-type=\"wp-page\" data-elementor-id=\"2085\" class=\"elementor elementor-2085\">\n\t\t\t\t<div class=\"elementor-element elementor-element-b08993a e-flex e-con-boxed e-con e-parent\" data-id=\"b08993a\" data-element_type=\"container\" data-e-type=\"container\">\n\t\t\t\t\t<div class=\"e-con-inner\">\n\t\t<div class=\"elementor-element elementor-element-8fe0549 e-con-full e-flex e-con e-child\" data-id=\"8fe0549\" data-element_type=\"container\" data-e-type=\"container\">\n\t\t\t\t<div class=\"elementor-element elementor-element-2b01782 elementor-widget elementor-widget-image\" data-id=\"2b01782\" data-element_type=\"widget\" data-e-type=\"widget\" data-widget_type=\"image.default\">\n\t\t\t\t<div class=\"elementor-widget-container\">\n\t\t\t\t\t\t\t\t\t\t\t\t\t\t\t<img decoding=\"async\" width=\"122\" height=\"39\" src=\"https:\/\/mybooksgd.com\/wp-content\/uploads\/2024\/11\/logo_mybooks.png\" class=\"attachment-medium size-medium wp-image-2030\" alt=\"\" srcset=\"https:\/\/mybooksgd.com\/wp-content\/uploads\/2024\/11\/logo_mybooks.png 122w, https:\/\/mybooksgd.com\/wp-content\/uploads\/2024\/11\/logo_mybooks-18x6.png 18w\" sizes=\"(max-width: 122px) 100vw, 122px\" \/>\t\t\t\t\t\t\t\t\t\t\t\t\t\t\t<\/div>\n\t\t\t\t<\/div>\n\t\t\t\t<\/div>\n\t\t<div class=\"elementor-element elementor-element-8c65b05 e-con-full e-flex e-con e-child\" data-id=\"8c65b05\" data-element_type=\"container\" data-e-type=\"container\">\n\t\t\t\t<div class=\"elementor-element elementor-element-49d939d elementor-widget elementor-widget-text-editor\" data-id=\"49d939d\" data-element_type=\"widget\" data-e-type=\"widget\" data-widget_type=\"text-editor.default\">\n\t\t\t\t<div class=\"elementor-widget-container\">\n\t\t\t\t\t\t\t\t\t<a class=\"menu-link\" href=\"https:\/\/mybooksgd.com\">P\u00e1gina principal<\/a>\u00a0 \u00a0\u00b7\u00a0 \u00a0<a class=\"menu-link\" href=\"https:\/\/mybooksgd.com\/otros\">Libros amigos<\/a>\u00a0 \u00a0\u00b7\u00a0 \u00a0<a class=\"menu-link\" href=\"https:\/\/mybooksgd.com\/entrevistas\">Entrevistas<\/a>\t\t\t\t\t\t\t\t<\/div>\n\t\t\t\t<\/div>\n\t\t\t\t<\/div>\n\t\t\t\t\t<\/div>\n\t\t\t\t<\/div>\n\t\t<div class=\"elementor-element elementor-element-a9deb88 e-con-full e-flex e-con e-parent\" data-id=\"a9deb88\" data-element_type=\"container\" data-e-type=\"container\" data-settings=\"{&quot;background_background&quot;:&quot;slideshow&quot;,&quot;background_slideshow_gallery&quot;:[{&quot;id&quot;:176,&quot;url&quot;:&quot;https:\\\/\\\/mybooksgd.com\\\/wp-content\\\/uploads\\\/2024\\\/07\\\/gb_bg5.jpg&quot;},{&quot;id&quot;:163,&quot;url&quot;:&quot;https:\\\/\\\/mybooksgd.com\\\/wp-content\\\/uploads\\\/2024\\\/07\\\/gb_bg4.jpg&quot;}],&quot;background_slideshow_ken_burns&quot;:&quot;yes&quot;,&quot;background_slideshow_loop&quot;:&quot;yes&quot;,&quot;background_slideshow_slide_duration&quot;:5000,&quot;background_slideshow_slide_transition&quot;:&quot;fade&quot;,&quot;background_slideshow_transition_duration&quot;:500,&quot;background_slideshow_ken_burns_zoom_direction&quot;:&quot;in&quot;}\">\n\t\t<div class=\"elementor-element elementor-element-6effb0c e-con-full e-flex e-con e-child\" data-id=\"6effb0c\" data-element_type=\"container\" data-e-type=\"container\" data-settings=\"{&quot;background_background&quot;:&quot;classic&quot;}\">\n\t\t\t\t<div class=\"elementor-element elementor-element-0c72d59 elementor-widget elementor-widget-heading\" data-id=\"0c72d59\" data-element_type=\"widget\" data-e-type=\"widget\" data-widget_type=\"heading.default\">\n\t\t\t\t<div class=\"elementor-widget-container\">\n\t\t\t\t\t<h2 class=\"elementor-heading-title elementor-size-default\">Gerard Duelo Ferrer<\/h2>\t\t\t\t<\/div>\n\t\t\t\t<\/div>\n\t\t\t\t<div class=\"elementor-element elementor-element-96cb0be elementor-widget elementor-widget-heading\" data-id=\"96cb0be\" data-element_type=\"widget\" data-e-type=\"widget\" data-widget_type=\"heading.default\">\n\t\t\t\t<div class=\"elementor-widget-container\">\n\t\t\t\t\t<h2 class=\"elementor-heading-title elementor-size-default\">50 a\u00f1os escribiendo.<br><span style=\"font-size: 55px\">Conoce mis  \u00faltimas\nnovedades, <br>y mis pr\u00f3ximas publicaciones.<\/span><\/h2>\t\t\t\t<\/div>\n\t\t\t\t<\/div>\n\t\t\t\t<\/div>\n\t\t<div class=\"elementor-element elementor-element-9a26520 e-con-full elementor-hidden-tablet elementor-hidden-mobile e-flex e-con e-child\" data-id=\"9a26520\" data-element_type=\"container\" data-e-type=\"container\">\n\t\t\t\t<\/div>\n\t\t\t\t<\/div>\n\t\t<div class=\"elementor-element elementor-element-a955140 e-flex e-con-boxed e-con e-parent\" data-id=\"a955140\" data-element_type=\"container\" data-e-type=\"container\">\n\t\t\t\t\t<div class=\"e-con-inner\">\n\t\t\t\t<div class=\"elementor-element elementor-element-8d91906 elementor-widget elementor-widget-heading\" data-id=\"8d91906\" data-element_type=\"widget\" data-e-type=\"widget\" data-widget_type=\"heading.default\">\n\t\t\t\t<div class=\"elementor-widget-container\">\n\t\t\t\t\t<h2 class=\"elementor-heading-title elementor-size-default\">Entrevistas<\/h2>\t\t\t\t<\/div>\n\t\t\t\t<\/div>\n\t\t\t\t\t<\/div>\n\t\t\t\t<\/div>\n\t\t<div class=\"elementor-element elementor-element-6a64326 e-flex e-con-boxed e-con e-parent\" data-id=\"6a64326\" data-element_type=\"container\" data-e-type=\"container\">\n\t\t\t\t\t<div class=\"e-con-inner\">\n\t\t\t\t<div class=\"elementor-element elementor-element-d0fc71e premium-blog-align-left elementor-widget elementor-widget-premium-addon-blog\" data-id=\"d0fc71e\" data-element_type=\"widget\" data-e-type=\"widget\" data-settings=\"{&quot;force_height&quot;:&quot;true&quot;,&quot;premium_blog_grid&quot;:&quot;yes&quot;,&quot;premium_blog_layout&quot;:&quot;even&quot;,&quot;premium_blog_columns_number&quot;:&quot;50%&quot;,&quot;premium_blog_columns_number_tablet&quot;:&quot;50%&quot;,&quot;premium_blog_columns_number_mobile&quot;:&quot;100%&quot;,&quot;scroll_to_offset&quot;:&quot;yes&quot;}\" data-widget_type=\"premium-addon-blog.default\">\n\t\t\t\t<div class=\"elementor-widget-container\">\n\t\t\t\t\t\n\t\t\n\n\t\t\t\t<div class=\"premium-blog-wrap  premium-blog-even\" data-page=\"2085\" data-pagination=\"true\">\n\t\t\t\t\t\t\t\t\t<div class=\"premium-blog-post-outer-container\" data-total=\"3\">\n\t\t\t<div class=\"premium-blog-post-container premium-blog-skin-cards\">\n\t\t\t\t\t\t\t\t\t<div class=\"premium-blog-thumb-effect-wrapper\">\n\t\t\t\t\t\t<div class=\"premium-blog-thumbnail-container premium-blog-zoomin-effect\">\n\t\t\t\t\t\t\t\t\t\t\t<a href=\"https:\/\/mybooksgd.com\/ca\/2024\/12\/18\/entrevista-al-escritor-gerard-duelo-del-medio-economia-digital\/\" target=\"_self\">\n\t\t\t\t<img fetchpriority=\"high\" decoding=\"async\" width=\"486\" height=\"172\" src=\"https:\/\/mybooksgd.com\/wp-content\/uploads\/2024\/12\/Captura-de-pantalla-2024-12-18-a-las-18.40.39.png\" class=\"attachment-full size-full wp-image-2716\" alt=\"\" srcset=\"https:\/\/mybooksgd.com\/wp-content\/uploads\/2024\/12\/Captura-de-pantalla-2024-12-18-a-las-18.40.39.png 486w, https:\/\/mybooksgd.com\/wp-content\/uploads\/2024\/12\/Captura-de-pantalla-2024-12-18-a-las-18.40.39-300x106.png 300w, https:\/\/mybooksgd.com\/wp-content\/uploads\/2024\/12\/Captura-de-pantalla-2024-12-18-a-las-18.40.39-18x6.png 18w\" sizes=\"(max-width: 486px) 100vw, 486px\" \/>\t\t\t\t<\/a>\n\t\t\t\t\t\t\t\t\t\t<\/div>\n\t\t\t\t\t\t\t\t\t\t\t\t\t<div class=\"premium-blog-effect-container premium-blog-framed-effect\">\n\t\t\t\t\t\t\t\t<a class=\"premium-blog-post-link\" href=\"https:\/\/mybooksgd.com\/ca\/2024\/12\/18\/entrevista-al-escritor-gerard-duelo-del-medio-economia-digital\/\" target=\"_self\"><span>Entrevista al escritor Gerard Duelo  del medio ECONOMIA DIGITAL<\/span><\/a>\n\t\t\t\t\t\t\t\t\t\t\t\t\t\t\t<\/div>\n\t\t\t\t\t\t\t\t\t\t\t<\/div>\n\t\t\t\t\t\t\t\t\t\t\t\t\t\t\t\t\t\t\t<div class=\"premium-blog-author-thumbnail\">\n\t\t\t\t\t\t\t\t\t\t\t\t\t<\/div>\n\t\t\t\t\t\t\t\t\t\t\t\t\t<div class=\"premium-blog-content-wrapper \">\n\n\t\t\t\t\t<div class=\"premium-blog-inner-container\">\n\n\t\t\t\t\t\t\t\t\t\t\t\t\t\t<h2 class=\"premium-blog-entry-title\">\n\t\t\t<a href=\"https:\/\/mybooksgd.com\/ca\/2024\/12\/18\/entrevista-al-escritor-gerard-duelo-del-medio-economia-digital\/\" target=\"_self\">\n\t\t\t\tEntrevista al escritor Gerard Duelo  del medio ECONOMIA DIGITAL\t\t\t<\/a>\n\t\t<\/h2>\n\t\t\n\t\t\t\t\t<\/div>\n\n\t\t\t\t\t\t\t<div class=\"premium-blog-content-inner-wrapper\">\n\t\t<p class=\"premium-blog-post-content\">https:\/\/www.economiadigital.es\/tendenciashoy\/comunicados\/el-escritor-gerard-duelo-ferrer-lanza-mybooksgd-su-propia-editorial-digital-con-14-obras.html<\/p>\t\t<\/div>\n\t\t\t\t<div class=\"premium-blog-entry-meta\">\n\t\t\t\n\t\t\t\t\t\t\t<span class=\"premium-blog-meta-separator\">\u2022<\/span>\n\t\t\t\t<div class=\"premium-blog-post-time premium-blog-meta-data\">\n\t\t\t\t\t<i class=\"fa fa-calendar-alt\" aria-hidden=\"true\"><\/i>\n\t\t\t\t\t<span>18 de desembre de 2024<\/span>\n\t\t\t\t<\/div>\n\t\t\t\n\t\t\t\n\t\t\t\t\t<\/div>\n\t\t\t\t\t\t\t\n\t\t\t\t<\/div>\n\t\t\t<\/div>\n\t\t<\/div>\n\n\t\t\t\t<div class=\"premium-blog-post-outer-container\" data-total=\"3\">\n\t\t\t<div class=\"premium-blog-post-container premium-blog-skin-cards\">\n\t\t\t\t\t\t\t\t\t<div class=\"premium-blog-thumb-effect-wrapper\">\n\t\t\t\t\t\t<div class=\"premium-blog-thumbnail-container premium-blog-zoomin-effect\">\n\t\t\t\t\t\t\t\t\t\t\t<a href=\"https:\/\/mybooksgd.com\/ca\/2024\/12\/17\/entrevista-de-diario-siglo-xxi-al-escritor-gerard-duelo-ferrer\/\" target=\"_self\">\n\t\t\t\t<img decoding=\"async\" width=\"920\" height=\"902\" src=\"https:\/\/mybooksgd.com\/wp-content\/uploads\/2024\/12\/Captura-de-pantalla-2024-12-17-a-las-17.02.41.png\" class=\"attachment-full size-full wp-image-2699\" alt=\"\" srcset=\"https:\/\/mybooksgd.com\/wp-content\/uploads\/2024\/12\/Captura-de-pantalla-2024-12-17-a-las-17.02.41.png 920w, https:\/\/mybooksgd.com\/wp-content\/uploads\/2024\/12\/Captura-de-pantalla-2024-12-17-a-las-17.02.41-300x294.png 300w, https:\/\/mybooksgd.com\/wp-content\/uploads\/2024\/12\/Captura-de-pantalla-2024-12-17-a-las-17.02.41-768x753.png 768w, https:\/\/mybooksgd.com\/wp-content\/uploads\/2024\/12\/Captura-de-pantalla-2024-12-17-a-las-17.02.41-12x12.png 12w\" sizes=\"(max-width: 920px) 100vw, 920px\" \/>\t\t\t\t<\/a>\n\t\t\t\t\t\t\t\t\t\t<\/div>\n\t\t\t\t\t\t\t\t\t\t\t\t\t<div class=\"premium-blog-effect-container premium-blog-framed-effect\">\n\t\t\t\t\t\t\t\t<a class=\"premium-blog-post-link\" href=\"https:\/\/mybooksgd.com\/ca\/2024\/12\/17\/entrevista-de-diario-siglo-xxi-al-escritor-gerard-duelo-ferrer\/\" target=\"_self\"><span>Entrevista de DIARIO SIGLO XXI, al escritor Gerard Duelo Ferrer<\/span><\/a>\n\t\t\t\t\t\t\t\t\t\t\t\t\t\t\t<\/div>\n\t\t\t\t\t\t\t\t\t\t\t<\/div>\n\t\t\t\t\t\t\t\t\t\t\t\t\t\t\t\t\t\t\t<div class=\"premium-blog-author-thumbnail\">\n\t\t\t\t\t\t\t\t\t\t\t\t\t<\/div>\n\t\t\t\t\t\t\t\t\t\t\t\t\t<div class=\"premium-blog-content-wrapper \">\n\n\t\t\t\t\t<div class=\"premium-blog-inner-container\">\n\n\t\t\t\t\t\t\t\t\t\t\t\t\t\t<h2 class=\"premium-blog-entry-title\">\n\t\t\t<a href=\"https:\/\/mybooksgd.com\/ca\/2024\/12\/17\/entrevista-de-diario-siglo-xxi-al-escritor-gerard-duelo-ferrer\/\" target=\"_self\">\n\t\t\t\tEntrevista de DIARIO SIGLO XXI, al escritor Gerard Duelo Ferrer\t\t\t<\/a>\n\t\t<\/h2>\n\t\t\n\t\t\t\t\t<\/div>\n\n\t\t\t\t\t\t\t<div class=\"premium-blog-content-inner-wrapper\">\n\t\t<p class=\"premium-blog-post-content\">https:\/\/epservices.eprensa.com\/cgi-bin\/view_digital_media.cgi?subclient_id=12900&amp;comps_id=1340911139<\/p>\t\t<\/div>\n\t\t\t\t<div class=\"premium-blog-entry-meta\">\n\t\t\t\n\t\t\t\t\t\t\t<span class=\"premium-blog-meta-separator\">\u2022<\/span>\n\t\t\t\t<div class=\"premium-blog-post-time premium-blog-meta-data\">\n\t\t\t\t\t<i class=\"fa fa-calendar-alt\" aria-hidden=\"true\"><\/i>\n\t\t\t\t\t<span>17 de desembre de 2024<\/span>\n\t\t\t\t<\/div>\n\t\t\t\n\t\t\t\n\t\t\t\t\t<\/div>\n\t\t\t\t\t\t\t\n\t\t\t\t<\/div>\n\t\t\t<\/div>\n\t\t<\/div>\n\n\t\t\t\t<div class=\"premium-blog-post-outer-container\" data-total=\"3\">\n\t\t\t<div class=\"premium-blog-post-container premium-blog-skin-cards\">\n\t\t\t\t\t\t\t\t\t<div class=\"premium-blog-thumb-effect-wrapper\">\n\t\t\t\t\t\t<div class=\"premium-blog-thumbnail-container premium-blog-zoomin-effect\">\n\t\t\t\t\t\t\t\t\t\t\t<a href=\"https:\/\/mybooksgd.com\/ca\/2024\/12\/17\/el-confidencial-digital-entrevista-a-gerard-duelo-ferrer\/\" target=\"_self\">\n\t\t\t\t<img loading=\"lazy\" decoding=\"async\" width=\"442\" height=\"140\" src=\"https:\/\/mybooksgd.com\/wp-content\/uploads\/2024\/12\/Captura-de-pantalla-2024-12-17-a-las-16.55.03.png\" class=\"attachment-full size-full wp-image-2696\" alt=\"\" srcset=\"https:\/\/mybooksgd.com\/wp-content\/uploads\/2024\/12\/Captura-de-pantalla-2024-12-17-a-las-16.55.03.png 442w, https:\/\/mybooksgd.com\/wp-content\/uploads\/2024\/12\/Captura-de-pantalla-2024-12-17-a-las-16.55.03-300x95.png 300w, https:\/\/mybooksgd.com\/wp-content\/uploads\/2024\/12\/Captura-de-pantalla-2024-12-17-a-las-16.55.03-18x6.png 18w\" sizes=\"(max-width: 442px) 100vw, 442px\" \/>\t\t\t\t<\/a>\n\t\t\t\t\t\t\t\t\t\t<\/div>\n\t\t\t\t\t\t\t\t\t\t\t\t\t<div class=\"premium-blog-effect-container premium-blog-framed-effect\">\n\t\t\t\t\t\t\t\t<a class=\"premium-blog-post-link\" href=\"https:\/\/mybooksgd.com\/ca\/2024\/12\/17\/el-confidencial-digital-entrevista-a-gerard-duelo-ferrer\/\" target=\"_self\"><span>El CONFIDENCIAL DIGITAL entrevista a Gerard Duelo Ferrer<\/span><\/a>\n\t\t\t\t\t\t\t\t\t\t\t\t\t\t\t<\/div>\n\t\t\t\t\t\t\t\t\t\t\t<\/div>\n\t\t\t\t\t\t\t\t\t\t\t\t\t\t\t\t\t\t\t<div class=\"premium-blog-author-thumbnail\">\n\t\t\t\t\t\t\t\t\t\t\t\t\t<\/div>\n\t\t\t\t\t\t\t\t\t\t\t\t\t<div class=\"premium-blog-content-wrapper \">\n\n\t\t\t\t\t<div class=\"premium-blog-inner-container\">\n\n\t\t\t\t\t\t\t\t\t\t\t\t\t\t<h2 class=\"premium-blog-entry-title\">\n\t\t\t<a href=\"https:\/\/mybooksgd.com\/ca\/2024\/12\/17\/el-confidencial-digital-entrevista-a-gerard-duelo-ferrer\/\" target=\"_self\">\n\t\t\t\tEl CONFIDENCIAL DIGITAL entrevista a Gerard Duelo Ferrer\t\t\t<\/a>\n\t\t<\/h2>\n\t\t\n\t\t\t\t\t<\/div>\n\n\t\t\t\t\t\t\t<div class=\"premium-blog-content-inner-wrapper\">\n\t\t<p class=\"premium-blog-post-content\">https:\/\/epservices.eprensa.com\/cgi-bin\/view_digital_media.cgi?subclient_id=12900&amp;comps_id=1345831602<\/p>\t\t<\/div>\n\t\t\t\t<div class=\"premium-blog-entry-meta\">\n\t\t\t\n\t\t\t\t\t\t\t<span class=\"premium-blog-meta-separator\">\u2022<\/span>\n\t\t\t\t<div class=\"premium-blog-post-time premium-blog-meta-data\">\n\t\t\t\t\t<i class=\"fa fa-calendar-alt\" aria-hidden=\"true\"><\/i>\n\t\t\t\t\t<span>17 de desembre de 2024<\/span>\n\t\t\t\t<\/div>\n\t\t\t\n\t\t\t\n\t\t\t\t\t<\/div>\n\t\t\t\t\t\t\t\n\t\t\t\t<\/div>\n\t\t\t<\/div>\n\t\t<\/div>\n\n\t\t\t\t<div class=\"premium-blog-post-outer-container\" data-total=\"3\">\n\t\t\t<div class=\"premium-blog-post-container premium-blog-skin-cards\">\n\t\t\t\t\t\t\t\t\t<div class=\"premium-blog-thumb-effect-wrapper\">\n\t\t\t\t\t\t<div class=\"premium-blog-thumbnail-container premium-blog-zoomin-effect\">\n\t\t\t\t\t\t\t\t\t\t\t<a href=\"https:\/\/mybooksgd.com\/ca\/2024\/12\/17\/entrevista-escrita-en-exclusiva-viptsy-le-magazine-a-gerard-duelo-ferrer\/\" target=\"_self\">\n\t\t\t\t<img loading=\"lazy\" decoding=\"async\" width=\"1070\" height=\"608\" src=\"https:\/\/mybooksgd.com\/wp-content\/uploads\/2024\/12\/Captura-de-pantalla-2024-12-18-a-las-13.22.00.png\" class=\"attachment-full size-full wp-image-2707\" alt=\"\" srcset=\"https:\/\/mybooksgd.com\/wp-content\/uploads\/2024\/12\/Captura-de-pantalla-2024-12-18-a-las-13.22.00.png 1070w, https:\/\/mybooksgd.com\/wp-content\/uploads\/2024\/12\/Captura-de-pantalla-2024-12-18-a-las-13.22.00-300x170.png 300w, https:\/\/mybooksgd.com\/wp-content\/uploads\/2024\/12\/Captura-de-pantalla-2024-12-18-a-las-13.22.00-1024x582.png 1024w, https:\/\/mybooksgd.com\/wp-content\/uploads\/2024\/12\/Captura-de-pantalla-2024-12-18-a-las-13.22.00-768x436.png 768w, https:\/\/mybooksgd.com\/wp-content\/uploads\/2024\/12\/Captura-de-pantalla-2024-12-18-a-las-13.22.00-18x10.png 18w\" sizes=\"(max-width: 1070px) 100vw, 1070px\" \/>\t\t\t\t<\/a>\n\t\t\t\t\t\t\t\t\t\t<\/div>\n\t\t\t\t\t\t\t\t\t\t\t\t\t<div class=\"premium-blog-effect-container premium-blog-framed-effect\">\n\t\t\t\t\t\t\t\t<a class=\"premium-blog-post-link\" href=\"https:\/\/mybooksgd.com\/ca\/2024\/12\/17\/entrevista-escrita-en-exclusiva-viptsy-le-magazine-a-gerard-duelo-ferrer\/\" target=\"_self\"><span>Entrevista escrita en exclusiva VIPTSY LE MAGAZINE a Gerard Duelo Ferrer.<\/span><\/a>\n\t\t\t\t\t\t\t\t\t\t\t\t\t\t\t<\/div>\n\t\t\t\t\t\t\t\t\t\t\t<\/div>\n\t\t\t\t\t\t\t\t\t\t\t\t\t\t\t\t\t\t\t<div class=\"premium-blog-author-thumbnail\">\n\t\t\t\t\t\t\t\t\t\t\t\t\t<\/div>\n\t\t\t\t\t\t\t\t\t\t\t\t\t<div class=\"premium-blog-content-wrapper \">\n\n\t\t\t\t\t<div class=\"premium-blog-inner-container\">\n\n\t\t\t\t\t\t\t\t\t\t\t\t\t\t<h2 class=\"premium-blog-entry-title\">\n\t\t\t<a href=\"https:\/\/mybooksgd.com\/ca\/2024\/12\/17\/entrevista-escrita-en-exclusiva-viptsy-le-magazine-a-gerard-duelo-ferrer\/\" target=\"_self\">\n\t\t\t\tEntrevista escrita en exclusiva VIPTSY LE MAGAZINE a Gerard Duelo Ferrer.\t\t\t<\/a>\n\t\t<\/h2>\n\t\t\n\t\t\t\t\t<\/div>\n\n\t\t\t\t\t\t\t<div class=\"premium-blog-content-inner-wrapper\">\n\t\t<p class=\"premium-blog-post-content\">https:\/\/www.vipstylemagazine.com\/entrevistamos-a-gerard-duelo-ferrer\/<\/p>\t\t<\/div>\n\t\t\t\t<div class=\"premium-blog-entry-meta\">\n\t\t\t\n\t\t\t\t\t\t\t<span class=\"premium-blog-meta-separator\">\u2022<\/span>\n\t\t\t\t<div class=\"premium-blog-post-time premium-blog-meta-data\">\n\t\t\t\t\t<i class=\"fa fa-calendar-alt\" aria-hidden=\"true\"><\/i>\n\t\t\t\t\t<span>17 de desembre de 2024<\/span>\n\t\t\t\t<\/div>\n\t\t\t\n\t\t\t\n\t\t\t\t\t<\/div>\n\t\t\t\t\t\t\t\n\t\t\t\t<\/div>\n\t\t\t<\/div>\n\t\t<\/div>\n\n\t\t\t\t\t\t\t<\/div>\n\n\t\t\t\t\t<div class=\"premium-blog-footer\">\n\t\t\t\t\t\t\t<nav class=\"premium-blog-pagination-container\" role=\"navigation\" aria-label=\"Pagination\">\n\t\t\t\t<span aria-current=\"page\" class=\"page-numbers current\">1<\/span>\n<a class=\"page-numbers\" href=\"https:\/\/mybooksgd.com\/ca\/wp-json\/wp\/v2\/pages\/2085\/page\/2\/\">2<\/a>\n<a class=\"page-numbers\" href=\"https:\/\/mybooksgd.com\/ca\/wp-json\/wp\/v2\/pages\/2085\/page\/3\/\">3<\/a>\n<a class=\"next page-numbers\" href=\"https:\/\/mybooksgd.com\/ca\/wp-json\/wp\/v2\/pages\/2085\/page\/2\/\">Siguiente \u00bb<\/a>\t\t\t<\/nav>\n\t\t\t\t\t\t<\/div>\n\t\t\n\t\t\n\t\t\t\t\t\t<\/div>\n\t\t\t\t<\/div>\n\t\t\t\t\t<\/div>\n\t\t\t\t<\/div>\n\t\t\t\t<\/div>\n\t\t","protected":false},"excerpt":{"rendered":"<p>P\u00e1gina principal\u00a0 \u00a0\u00b7\u00a0 \u00a0Libros amigos\u00a0 \u00a0\u00b7\u00a0 \u00a0Entrevistas Gerard Duelo Ferrer 50 a\u00f1os escribiendo.Conoce mis \u00faltimas novedades, y mis pr\u00f3ximas publicaciones. Entrevistas Vivir y recordar Vivir y recordar Lorem ipsum dolor sit amet, consectetur adipiscing elit. Morbi eu libero at ex gravida sagittis. Suspendisse enim mi, luctus et ullamcorper et, \u2026 \u2022 27 de noviembre de [&hellip;]<\/p>\n","protected":false},"author":1,"featured_media":0,"parent":0,"menu_order":0,"comment_status":"closed","ping_status":"closed","template":"elementor_canvas","meta":{"footnotes":""},"class_list":["post-2085","page","type-page","status-publish","hentry"],"_links":{"self":[{"href":"https:\/\/mybooksgd.com\/ca\/wp-json\/wp\/v2\/pages\/2085","targetHints":{"allow":["GET"]}}],"collection":[{"href":"https:\/\/mybooksgd.com\/ca\/wp-json\/wp\/v2\/pages"}],"about":[{"href":"https:\/\/mybooksgd.com\/ca\/wp-json\/wp\/v2\/types\/page"}],"author":[{"embeddable":true,"href":"https:\/\/mybooksgd.com\/ca\/wp-json\/wp\/v2\/users\/1"}],"replies":[{"embeddable":true,"href":"https:\/\/mybooksgd.com\/ca\/wp-json\/wp\/v2\/comments?post=2085"}],"version-history":[{"count":25,"href":"https:\/\/mybooksgd.com\/ca\/wp-json\/wp\/v2\/pages\/2085\/revisions"}],"predecessor-version":[{"id":2629,"href":"https:\/\/mybooksgd.com\/ca\/wp-json\/wp\/v2\/pages\/2085\/revisions\/2629"}],"wp:attachment":[{"href":"https:\/\/mybooksgd.com\/ca\/wp-json\/wp\/v2\/media?parent=2085"}],"curies":[{"name":"wp","href":"https:\/\/api.w.org\/{rel}","templated":true}]}}